{"id":9,"date":"2016-07-10T23:22:08","date_gmt":"2016-07-10T21:22:08","guid":{"rendered":"https:\/\/www.hanshoorn.nl\/de\/?page_id=9"},"modified":"2023-05-16T00:40:14","modified_gmt":"2023-05-15T22:40:14","slug":"maastricht","status":"publish","type":"page","link":"https:\/\/www.hanshoorn.nl\/de\/maastricht\/","title":{"rendered":"MAASTRICHT"},"content":{"rendered":"<p>\u00a0<\/p>\n<p style=\"padding-left: 40px;\">Die Niederlanden gelten Deutschland vielfach als \u201c Musterbeispiel\u201d zeitgen\u00f6ssischen St\u00e4dte- und Wohnungsbaus. Innovative Projekte aus den Niederlanden werden in der Fachpresse beinahe regelm\u00e4\u00dfig publiziert. Hierdurch stellt sich die Frage welche Rahmenbedingungen dazu f\u00fchren dass in den Niederlanden immer wieder interessante st\u00e4dtebauliche und architektonische Ergebnisse entstehen und ob das Qualit\u00e4tsniveau einer genaueren Inspektion vor Ort standh\u00e4lt. Ein Bild \u201c hinter die Kulissen\u201d soll es erm\u00f6glichen die Rahmenbedingungen der Stadtentwicklung in Maastricht, als gelungenes Beispiel, besser kennen und einschsch\u00e4tzen zu lernen.<\/p>\n<p style=\"padding-left: 40px;\">Maastricht ist in Planerkreisen f\u00fcr seine seit den 1990-er Jahre kontinuirlich steigende Attraktivit\u00e4t ber\u00fchmt.<\/p>\n<p style=\"padding-left: 40px;\">Maastricht liegt in Limburg, der s\u00fcdlichsten Provinz der Niederlande. Die Stadt hat 125.000 Einwohner (wovon c.a. 20.000 Studenten), ist die \u00e4lteste Stadt der Niederlande und wurde vor 2000 Jahr als r\u00f6mische Niederlassung am Maasufer gegr\u00fcndet. Die \u00f6konomische Struktur der Stadt basiert auf Handelsbeziehungen und Dienstleistungen aber auch auf Universit\u00e4tstadt mit bedeutenden Kultureinrichtungen. Pr\u00e4gend f\u00fcr die Struktur der Stadt ist der historische Stadtkern in dem sich c.a. 2000 Denkm\u00e4ler und Monumente befinden.<\/p>\n<p style=\"padding-left: 40px;\">Die Attraktivit\u00e4t der Stadt Maastricht beruht jedoch nicht nur auf dieser historischen Bausubstanz. Verschiedene neuere Projekte sowie eine hochwertigeGestaltung des \u00f6ffentlichen Raums, die insbesondere in den letzte Jahrzehnten realisiert wurden, erg\u00e4nzen den historischen Stadtkern. Die Stadt genie\u00dft innerhalb der Niederlande und der Euregio einen Ruf als attraktiver Einkaufsstandort (mit mehr als 4,5 Million Touristen pro Jahr!). Neben der Positionierung der Innenstadt als Einkaufsstandort ist es die Stadt in den letzten Jahren gelungen verschiedene neue Wohnstadtorte in respective in unmittelbarer N\u00e4he der Innenstadt zu entwickeln. Insgesamt hat sich Maastricht, das stark vom wirtschaftlichen Strukturwandel betroffen war und im landesweiten Durchschnitt eine deutlich erh\u00f6hte Arbeitslosenzahlaufwies, durch diese gezielten Stadtentwicklungsma\u00dfnahmen neu positioniert und gilt heute als einer der attraktivsten St\u00e4dte der Niederlande.<\/p>\n<p style=\"padding-left: 40px;\">STADTBILD und IMAGE in Maastricht werden nicht nur durch die historische Innenstadt, sondern auch durch die verschiedenen neueren Entwicklungen der letzten Jahrzehnte entscheidend gepr\u00e4gt. Basis dieser neueren Projekte waren strategische \u00dcberlegungen und Instrumente wie z.B. ein periodisches erneuertes Leitbild. Im Rahmen der Strukturvision Maastricht werden Aktionsgebiete angewiesen. Zentrale Ziel ist immer eine st\u00e4dtebauliche und soziale Erneuerung durch eine Steigerung der Gestaltqualit\u00e4t, der Beseitigung st\u00e4dtebauliche Misst\u00e4nde sowie durch eine Attraktivierung der Wohnangebote in der Innenstadt zu erreichen.<\/p>\n<p>\u00a0<\/p>\n<p style=\"padding-left: 40px;\">QUALIT\u00c4TSMANAGEMENT<\/p>\n<p style=\"padding-left: 40px;\">In Maastricht wird seit mehrere Jahrzehnten die Stadtentwicklung mit einem besonderen Qualit\u00e4tsmanagement verbunden, so das sein strategisches Konzept realisiert werden konnte, das zum Ziel hat die Stadt durch die Realisierung einer Vielzahl neuer st\u00e4dtebaulicher und architektonischer Projekte von hoher Qualit\u00e4t als attraktiven Handels- und Wohnstandort neu zu positionieren. Mittlerweile sind in und um die Innenstadt Maastrichts viele Leuchturmprojekte realisiert worden.<\/p>\n<p>\u00a0<\/p>\n<p>\u00a0<\/p>\n\n<div class=\"wp-block-image\">\n<figure class=\"aligncenter size-full\"><img loading=\"lazy\" decoding=\"async\" width=\"909\" height=\"682\" src=\"https:\/\/www.hanshoorn.nl\/de\/wp-content\/uploads\/sites\/2\/2016\/07\/HH-016.png\" alt=\"\" class=\"wp-image-119\" srcset=\"https:\/\/www.hanshoorn.nl\/de\/wp-content\/uploads\/sites\/2\/2016\/07\/HH-016.png 909w, https:\/\/www.hanshoorn.nl\/de\/wp-content\/uploads\/sites\/2\/2016\/07\/HH-016-300x225.png 300w, https:\/\/www.hanshoorn.nl\/de\/wp-content\/uploads\/sites\/2\/2016\/07\/HH-016-768x576.png 768w\" sizes=\"auto, (max-width: 909px) 100vw, 909px\" \/><\/figure>\n<\/div>","protected":false},"excerpt":{"rendered":"<p>\u00a0 Die Niederlanden gelten Deutschland vielfach als \u201c Musterbeispiel\u201d zeitgen\u00f6ssischen St\u00e4dte- und Wohnungsbaus. Innovative Projekte aus den Niederlanden werden in der Fachpresse<\/p>\n<p class=\"link-more\"><a class=\"myButt \" href=\"https:\/\/www.hanshoorn.nl\/de\/maastricht\/\">Read More<\/a><\/p>\n","protected":false},"author":1,"featured_media":119,"parent":0,"menu_order":0,"comment_status":"closed","ping_status":"closed","template":"page.php","meta":{"footnotes":""},"class_list":["post-9","page","type-page","status-publish","has-post-thumbnail","hentry"],"_links":{"self":[{"href":"https:\/\/www.hanshoorn.nl\/de\/wp-json\/wp\/v2\/pages\/9","targetHints":{"allow":["GET"]}}],"collection":[{"href":"https:\/\/www.hanshoorn.nl\/de\/wp-json\/wp\/v2\/pages"}],"about":[{"href":"https:\/\/www.hanshoorn.nl\/de\/wp-json\/wp\/v2\/types\/page"}],"author":[{"embeddable":true,"href":"https:\/\/www.hanshoorn.nl\/de\/wp-json\/wp\/v2\/users\/1"}],"replies":[{"embeddable":true,"href":"https:\/\/www.hanshoorn.nl\/de\/wp-json\/wp\/v2\/comments?post=9"}],"version-history":[{"count":6,"href":"https:\/\/www.hanshoorn.nl\/de\/wp-json\/wp\/v2\/pages\/9\/revisions"}],"predecessor-version":[{"id":195,"href":"https:\/\/www.hanshoorn.nl\/de\/wp-json\/wp\/v2\/pages\/9\/revisions\/195"}],"wp:featuredmedia":[{"embeddable":true,"href":"https:\/\/www.hanshoorn.nl\/de\/wp-json\/wp\/v2\/media\/119"}],"wp:attachment":[{"href":"https:\/\/www.hanshoorn.nl\/de\/wp-json\/wp\/v2\/media?parent=9"}],"curies":[{"name":"wp","href":"https:\/\/api.w.org\/{rel}","templated":true}]}}