{"id":7,"date":"2016-07-10T23:16:48","date_gmt":"2016-07-10T21:16:48","guid":{"rendered":"https:\/\/www.hanshoorn.nl\/de\/?page_id=7"},"modified":"2023-05-16T02:21:35","modified_gmt":"2023-05-16T00:21:35","slug":"haftungsausschluss","status":"publish","type":"page","link":"https:\/\/www.hanshoorn.nl\/de\/haftungsausschluss\/","title":{"rendered":"HAFTUNGSAUSSCHLUSS"},"content":{"rendered":"<p>\u00a0<\/p>\n<p style=\"padding-left: 40px;\"><strong>DATENSCHUTZ<\/strong><\/p>\n<p style=\"padding-left: 40px;\">Beim Besuch der Website werden keine pers\u00f6nlichen Daten ohne Ihre Zustimmung von uns erhoben. Wir registrieren Daten, die keine pers\u00f6nlichen Informationen enthalten. Dies um zu verstehen, wie unsere Website genutzt wird.<\/p>\n<p>\u00a0<\/p>\n<p style=\"padding-left: 40px;\"><strong>DATENSICHERHEIT<\/strong><\/p>\n<p style=\"padding-left: 40px;\">Wir verwendet vorsichtig Sicherheitsverfahren zum Schutz der verarbeiteten Daten, unter anderem um zu verhindern, dass unbefugte Personen Zugriff auf diese Daten unbeabsichtigt bekommen. Wir sch\u00fctzen Ihre Daten mit allen m\u00f6glichen Mitteln, aber aufgrund des \u00f6ffentlichen Charakters des Internets k\u00f6nnen wir die Sicherheit der \u00dcbertragung von Daten \u00fcber das Internet nicht immer 100 % garantieren.<\/p>\n<p>\u00a0<\/p>\n<p style=\"padding-left: 40px;\"><strong>COOKIES<\/strong><\/p>\n<p style=\"padding-left: 40px;\">Dieser Website verwendet Cookies, um die Integrit\u00e4t des Registrierungsprozesses sicherzustellen und um die Website zu personalisieren. Ein Cookie ist eine kleine Textdatei, die von einem Webseitenserver auf Ihrem Computer gespeichert ist. Cookies sind f\u00fcr jeden Benutzer eindeutig und k\u00f6nnen nur gelesen werden, von einem Server in der Dom\u00e4ne, die das Cookie an Ihren Computer gesendet hat.<\/p>\n<p style=\"padding-left: 40px;\">Der Hauptzweck von Cookies ist f\u00fcr Sie Zeit und M\u00fche sparen. Zum Beispiel denken Sie daran Wenn Sie eine Webseite an Ihre pers\u00f6nlichen Vorlieben anpassen, oder wenn Sie in einer Website navigieren, werden gew\u00e4hlten Einstellungen und Pr\u00e4ferenzen Cookies f\u00fcr die zuk\u00fcnftige Verwendung behalten. Wenn Sie die Website sp\u00e4ter wieder besuchen, werden die zuvor eingegebenen Daten durch Cookies afgerufen, so dass Funktionen der Website einfach zu bedienen sind.<\/p>\n<p style=\"padding-left: 40px;\">Dar\u00fcber hinaus werden Cookies verwendet, um Statistiken zu verfolgen, aber auch enthalten die Daten dann keine pers\u00f6nlichen Informationen.<\/p>\n<p style=\"padding-left: 40px;\">Sie k\u00f6nnen w\u00e4hlen, ob Sie Cookies akzeptieren oder nicht. Die meisten Browser akzeptieren Cookies automatisch, aber Sie k\u00f6nnen in der Regel Einstellungen Ihres Browsers \u00e4ndern, so dass Cookies nicht akzeptiert werden, falls gew\u00fcnscht. Wenn Sie keine Cookies akzeptieren, k\u00f6nnen Sie m\u00f6glicherweise nicht die interaktiven Features dieser Website oder anderen Websites, die Sie besuchen, voll auszusch\u00f6pfen.<\/p>\n<p>\u00a0<\/p>\n<p style=\"padding-left: 40px;\"><strong>LINKS<\/strong><\/p>\n<p style=\"padding-left: 40px;\"><span class=\"HwtZe\" lang=\"de\"><span class=\"jCAhz ChMk0b\"><span class=\"ryNqvb\">Unsere Internetseiten enthalten Links zu anderen Seiten.<\/span><\/span> <span class=\"jCAhz ChMk0b\"><span class=\"ryNqvb\">Wir sind nicht verantwortlich f\u00fcr die Datenschutzpraktiken von Websites, die nicht von uns betrieben werden.<\/span><\/span><\/span><\/p>\n<p>\u00a0<\/p>\n<p style=\"padding-left: 40px;\"><strong>COPYRIGHT<\/strong><\/p>\n<p style=\"padding-left: 40px;\">Alle Fotos sind Eigentum der Gemeinde Maastricht, Fotograf: J. Schelling.<\/p>\n<p style=\"padding-left: 40px;\">\u00a92023 Hans Hoorn, All Rights Reserved.<\/p>\n<p>\u00a0<\/p>\n\n<div class=\"wp-block-image\">\n<figure class=\"aligncenter size-large\"><img loading=\"lazy\" decoding=\"async\" width=\"1024\" height=\"682\" src=\"https:\/\/www.hanshoorn.nl\/de\/wp-content\/uploads\/sites\/2\/2016\/07\/HH-001-1024x682.png\" alt=\"\" class=\"wp-image-104\" srcset=\"https:\/\/www.hanshoorn.nl\/de\/wp-content\/uploads\/sites\/2\/2016\/07\/HH-001-1024x682.png 1024w, https:\/\/www.hanshoorn.nl\/de\/wp-content\/uploads\/sites\/2\/2016\/07\/HH-001-300x200.png 300w, https:\/\/www.hanshoorn.nl\/de\/wp-content\/uploads\/sites\/2\/2016\/07\/HH-001-768x512.png 768w, https:\/\/www.hanshoorn.nl\/de\/wp-content\/uploads\/sites\/2\/2016\/07\/HH-001.png 1595w\" sizes=\"auto, (max-width: 1024px) 100vw, 1024px\" \/><\/figure>\n<\/div>","protected":false},"excerpt":{"rendered":"<p>\u00a0 DATENSCHUTZ Beim Besuch der Website werden keine pers\u00f6nlichen Daten ohne Ihre Zustimmung von uns erhoben. Wir registrieren Daten, die keine pers\u00f6nlichen<\/p>\n<p class=\"link-more\"><a class=\"myButt \" href=\"https:\/\/www.hanshoorn.nl\/de\/haftungsausschluss\/\">Read More<\/a><\/p>\n","protected":false},"author":1,"featured_media":104,"parent":0,"menu_order":0,"comment_status":"closed","ping_status":"closed","template":"page.php","meta":{"footnotes":""},"class_list":["post-7","page","type-page","status-publish","has-post-thumbnail","hentry"],"_links":{"self":[{"href":"https:\/\/www.hanshoorn.nl\/de\/wp-json\/wp\/v2\/pages\/7","targetHints":{"allow":["GET"]}}],"collection":[{"href":"https:\/\/www.hanshoorn.nl\/de\/wp-json\/wp\/v2\/pages"}],"about":[{"href":"https:\/\/www.hanshoorn.nl\/de\/wp-json\/wp\/v2\/types\/page"}],"author":[{"embeddable":true,"href":"https:\/\/www.hanshoorn.nl\/de\/wp-json\/wp\/v2\/users\/1"}],"replies":[{"embeddable":true,"href":"https:\/\/www.hanshoorn.nl\/de\/wp-json\/wp\/v2\/comments?post=7"}],"version-history":[{"count":8,"href":"https:\/\/www.hanshoorn.nl\/de\/wp-json\/wp\/v2\/pages\/7\/revisions"}],"predecessor-version":[{"id":202,"href":"https:\/\/www.hanshoorn.nl\/de\/wp-json\/wp\/v2\/pages\/7\/revisions\/202"}],"wp:featuredmedia":[{"embeddable":true,"href":"https:\/\/www.hanshoorn.nl\/de\/wp-json\/wp\/v2\/media\/104"}],"wp:attachment":[{"href":"https:\/\/www.hanshoorn.nl\/de\/wp-json\/wp\/v2\/media?parent=7"}],"curies":[{"name":"wp","href":"https:\/\/api.w.org\/{rel}","templated":true}]}}