{"id":4,"date":"2016-07-09T05:43:06","date_gmt":"2016-07-09T03:43:06","guid":{"rendered":"https:\/\/www.hanshoorn.nl\/de\/?page_id=4"},"modified":"2023-05-27T08:36:41","modified_gmt":"2023-05-27T06:36:41","slug":"uber-hans-hoorn","status":"publish","type":"page","link":"https:\/\/www.hanshoorn.nl\/de\/","title":{"rendered":"\u00dcBER HANS HOORN"},"content":{"rendered":"<p>\u00a0<\/p>\n<p style=\"padding-left: 40px;\">Drs. H.Hoorn, Stadtsoziologe, hat mehr als 20 Jahre gearbeitet als stellvertretender Direktor des Stadtentwicklungsantes und als Vorsitzender der Stadt- und Denkmalschutzkommission der Stadt Maastricht. Er behauptet das eine Stadt, wenn die attraktiv werden m\u00f6chte, eine Zauberformel braucht, die man jeden Tag umsetzen mu\u00df. Er hat seine Erfahrungen als Grunds\u00e4tze f\u00fcr die Innenstadtentwicklung auf 25 Punkte zugespitzt. Ein Beispiel: wenn eine starke Planung den R\u00fcckhalt einer kreativen und dem Gemeinwohl verpflichteten Politik besitzt und mit lokal verwurzelten Investoren zusammenarbeitet, ist eine attraktive Stadt demnach kein Zufallsprodukt!<\/p>\n<p>\u00a0<\/p>\n<p style=\"padding-left: 40px;\">Hans Hoorn hat in Europa oft Vorlesungen gehalten, Stadtf\u00fchrungen in Maastricht organisiert und St\u00e4dte beraten wie r\u00e4umliche Qualit\u00e4t erreicht werden kann.<\/p>\n<p style=\"padding-left: 40px;\">Er war:<\/p>\n<ul>\n<li style=\"list-style-type: none;\">\n<ul>\n<li>Stellvertretender Leiter des Stadtentwicklungsamtes von Maastricht<\/li>\n<li>Dozent an der Akademie f\u00fcr Baukunst (Master Studie Architektur)<\/li>\n<li>Vorsitzender der Stadtgestaltungskommissionen in viele St\u00e4dte<\/li>\n<\/ul>\n<\/li>\n<\/ul>\n<p style=\"padding-left: 40px;\">Er ist:<\/p>\n<ul>\n<li style=\"list-style-type: none;\">\n<ul>\n<li>Ehrenmitglied des Deutschen Werkbundes<\/li>\n<li>Ehrenmitglied der Architekturkammer Kassel<\/li>\n<li>Mitglied der Expertengruppe Rheinische Revier<\/li>\n<li>Berater einer Wohnungsbaugenossenschaft<\/li>\n<li>Autor von Artikeln zu den Themengebiete (z.B.:Impulse f\u00fcr eine erfolgreiche Stadtentwicklung\u201c (IHK Aachen 2021)<\/li>\n<\/ul>\n<\/li>\n<\/ul>\n<p>\u00a0<\/p>\n\n<div class=\"wp-block-image\">\n<figure class=\"aligncenter size-full\"><img loading=\"lazy\" decoding=\"async\" width=\"476\" height=\"553\" src=\"https:\/\/www.hanshoorn.nl\/de\/wp-content\/uploads\/sites\/2\/2023\/05\/HH-032.jpg\" alt=\"\" class=\"wp-image-227\" srcset=\"https:\/\/www.hanshoorn.nl\/de\/wp-content\/uploads\/sites\/2\/2023\/05\/HH-032.jpg 476w, https:\/\/www.hanshoorn.nl\/de\/wp-content\/uploads\/sites\/2\/2023\/05\/HH-032-258x300.jpg 258w\" sizes=\"auto, (max-width: 476px) 100vw, 476px\" \/><\/figure>\n<\/div>","protected":false},"excerpt":{"rendered":"<p>\u00a0 Drs. H.Hoorn, Stadtsoziologe, hat mehr als 20 Jahre gearbeitet als stellvertretender Direktor des Stadtentwicklungsantes und als Vorsitzender der Stadt- und Denkmalschutzkommission<\/p>\n<p class=\"link-more\"><a class=\"myButt \" href=\"https:\/\/www.hanshoorn.nl\/de\/\">Read More<\/a><\/p>\n","protected":false},"author":1,"featured_media":103,"parent":0,"menu_order":0,"comment_status":"closed","ping_status":"closed","template":"page.php","meta":{"footnotes":""},"class_list":["post-4","page","type-page","status-publish","has-post-thumbnail","hentry"],"_links":{"self":[{"href":"https:\/\/www.hanshoorn.nl\/de\/wp-json\/wp\/v2\/pages\/4","targetHints":{"allow":["GET"]}}],"collection":[{"href":"https:\/\/www.hanshoorn.nl\/de\/wp-json\/wp\/v2\/pages"}],"about":[{"href":"https:\/\/www.hanshoorn.nl\/de\/wp-json\/wp\/v2\/types\/page"}],"author":[{"embeddable":true,"href":"https:\/\/www.hanshoorn.nl\/de\/wp-json\/wp\/v2\/users\/1"}],"replies":[{"embeddable":true,"href":"https:\/\/www.hanshoorn.nl\/de\/wp-json\/wp\/v2\/comments?post=4"}],"version-history":[{"count":6,"href":"https:\/\/www.hanshoorn.nl\/de\/wp-json\/wp\/v2\/pages\/4\/revisions"}],"predecessor-version":[{"id":229,"href":"https:\/\/www.hanshoorn.nl\/de\/wp-json\/wp\/v2\/pages\/4\/revisions\/229"}],"wp:featuredmedia":[{"embeddable":true,"href":"https:\/\/www.hanshoorn.nl\/de\/wp-json\/wp\/v2\/media\/103"}],"wp:attachment":[{"href":"https:\/\/www.hanshoorn.nl\/de\/wp-json\/wp\/v2\/media?parent=4"}],"curies":[{"name":"wp","href":"https:\/\/api.w.org\/{rel}","templated":true}]}}