{"id":17,"date":"2016-07-10T23:31:21","date_gmt":"2016-07-10T21:31:21","guid":{"rendered":"https:\/\/www.hanshoorn.nl\/de\/?page_id=17"},"modified":"2023-05-21T19:48:01","modified_gmt":"2023-05-21T17:48:01","slug":"vorlesung","status":"publish","type":"page","link":"https:\/\/www.hanshoorn.nl\/de\/vorlesung\/","title":{"rendered":"VORLESUNGEN"},"content":{"rendered":"<p>\u00a0<\/p>\n<p style=\"padding-left: 40px;\">Drs. H. Hoorn hat auf Grund seiner Erfahrungen vielmals Vorlesungen gehalten in Europa und in viele Deutsche St\u00e4dte.<\/p>\n<p style=\"padding-left: 40px;\">Themen waren z.B.:<\/p>\n<ul>\n<li style=\"list-style-type: none;\">\n<ul>\n<li style=\"padding-left: 30px;\">Stadtentwicklung mit Qualit\u00e4t<\/li>\n<li style=\"padding-left: 30px;\">R\u00e4umliche Qualit\u00e4t als Standortfaktor<\/li>\n<li style=\"padding-left: 30px;\">Der \u00f6ffentliche Raum als kulturelle Barometer einer Stadt<\/li>\n<li style=\"padding-left: 30px;\">Wohnen als Schl\u00fcsselfaktor einer Stadt<\/li>\n<li style=\"padding-left: 30px;\">Der Sinn einer Stadtgestaltungskommission<\/li>\n<li style=\"padding-left: 30px;\">Die Zauberformel entwirrt<\/li>\n<li style=\"padding-left: 30px;\">Die Umnutzung von Krichen<\/li>\n<li style=\"padding-left: 30px;\">Stadt und Klima<\/li>\n<li style=\"padding-left: 30px;\">Grenz\u00fcberschreitende Zusammenarbeit<\/li>\n<li style=\"padding-left: 30px;\">Kunst im \u00f6ffentlichen Raum<\/li>\n<\/ul>\n<\/li>\n<\/ul>\n<p>\u00a0<\/p>\n<p style=\"padding-left: 40px;\">Wenn Sie interessiert sind um w\u00e4hrend einer Stunde zu erfahren wie St\u00e4dte attraktiver werden k\u00f6nnten, senden Sie bitte ein E-Mail oder rufen Sie an.<\/p>\n<p style=\"padding-left: 40px;\">\u00a0<\/p>\n\n<div class=\"wp-block-image\">\n<figure class=\"aligncenter size-large\"><img loading=\"lazy\" decoding=\"async\" width=\"1024\" height=\"682\" src=\"https:\/\/www.hanshoorn.nl\/de\/wp-content\/uploads\/sites\/2\/2016\/07\/HH-001-1024x682.png\" alt=\"\" class=\"wp-image-104\" srcset=\"https:\/\/www.hanshoorn.nl\/de\/wp-content\/uploads\/sites\/2\/2016\/07\/HH-001-1024x682.png 1024w, https:\/\/www.hanshoorn.nl\/de\/wp-content\/uploads\/sites\/2\/2016\/07\/HH-001-300x200.png 300w, https:\/\/www.hanshoorn.nl\/de\/wp-content\/uploads\/sites\/2\/2016\/07\/HH-001-768x512.png 768w, https:\/\/www.hanshoorn.nl\/de\/wp-content\/uploads\/sites\/2\/2016\/07\/HH-001.png 1595w\" sizes=\"auto, (max-width: 1024px) 100vw, 1024px\" \/><\/figure>\n<\/div>","protected":false},"excerpt":{"rendered":"<p>\u00a0 Drs. H. Hoorn hat auf Grund seiner Erfahrungen vielmals Vorlesungen gehalten in Europa und in viele Deutsche St\u00e4dte. Themen waren z.B.:<\/p>\n<p class=\"link-more\"><a class=\"myButt \" href=\"https:\/\/www.hanshoorn.nl\/de\/vorlesung\/\">Read More<\/a><\/p>\n","protected":false},"author":1,"featured_media":104,"parent":0,"menu_order":0,"comment_status":"closed","ping_status":"closed","template":"page.php","meta":{"footnotes":""},"class_list":["post-17","page","type-page","status-publish","has-post-thumbnail","hentry"],"_links":{"self":[{"href":"https:\/\/www.hanshoorn.nl\/de\/wp-json\/wp\/v2\/pages\/17","targetHints":{"allow":["GET"]}}],"collection":[{"href":"https:\/\/www.hanshoorn.nl\/de\/wp-json\/wp\/v2\/pages"}],"about":[{"href":"https:\/\/www.hanshoorn.nl\/de\/wp-json\/wp\/v2\/types\/page"}],"author":[{"embeddable":true,"href":"https:\/\/www.hanshoorn.nl\/de\/wp-json\/wp\/v2\/users\/1"}],"replies":[{"embeddable":true,"href":"https:\/\/www.hanshoorn.nl\/de\/wp-json\/wp\/v2\/comments?post=17"}],"version-history":[{"count":6,"href":"https:\/\/www.hanshoorn.nl\/de\/wp-json\/wp\/v2\/pages\/17\/revisions"}],"predecessor-version":[{"id":214,"href":"https:\/\/www.hanshoorn.nl\/de\/wp-json\/wp\/v2\/pages\/17\/revisions\/214"}],"wp:featuredmedia":[{"embeddable":true,"href":"https:\/\/www.hanshoorn.nl\/de\/wp-json\/wp\/v2\/media\/104"}],"wp:attachment":[{"href":"https:\/\/www.hanshoorn.nl\/de\/wp-json\/wp\/v2\/media?parent=17"}],"curies":[{"name":"wp","href":"https:\/\/api.w.org\/{rel}","templated":true}]}}