{"id":15,"date":"2016-07-10T23:30:27","date_gmt":"2016-07-10T21:30:27","guid":{"rendered":"https:\/\/www.hanshoorn.nl\/de\/?page_id=15"},"modified":"2023-05-21T19:49:38","modified_gmt":"2023-05-21T17:49:38","slug":"stadtfuhrung","status":"publish","type":"page","link":"https:\/\/www.hanshoorn.nl\/de\/stadtfuhrung\/","title":{"rendered":"STADTF\u00dcHRUNGEN"},"content":{"rendered":"<p>\u00a0<\/p>\n<p style=\"padding-left: 40px;\">Drs. H. Hoorn organisiert oft Stadtf\u00fchrungen wobei er viele gr\u00f6\u00dfere und kleinere Leuchtturm- und Stadtreparaturprojekte in der Altstadt\u00a0 erkl\u00e4rt, die anschliessend besichtigt werden.<\/p>\n<p style=\"padding-left: 40px;\">Eine Vorlesung kann nat\u00fcrlich kombiniert werden mit einer anschliessender Stadtf\u00fchrung (Dauer c.a. 4 Stunden).<\/p>\n<p>\u00a0<\/p>\n\n<div class=\"wp-block-image\">\n<figure class=\"aligncenter size-large\"><img loading=\"lazy\" decoding=\"async\" width=\"1024\" height=\"576\" src=\"https:\/\/www.hanshoorn.nl\/de\/wp-content\/uploads\/sites\/2\/2016\/07\/HH-003-1024x576.png\" alt=\"\" class=\"wp-image-106\" srcset=\"https:\/\/www.hanshoorn.nl\/de\/wp-content\/uploads\/sites\/2\/2016\/07\/HH-003-1024x576.png 1024w, https:\/\/www.hanshoorn.nl\/de\/wp-content\/uploads\/sites\/2\/2016\/07\/HH-003-300x169.png 300w, https:\/\/www.hanshoorn.nl\/de\/wp-content\/uploads\/sites\/2\/2016\/07\/HH-003-768x432.png 768w, https:\/\/www.hanshoorn.nl\/de\/wp-content\/uploads\/sites\/2\/2016\/07\/HH-003.png 1536w\" sizes=\"auto, (max-width: 1024px) 100vw, 1024px\" \/><\/figure>\n<\/div>","protected":false},"excerpt":{"rendered":"<p>\u00a0 Drs. H. Hoorn organisiert oft Stadtf\u00fchrungen wobei er viele gr\u00f6\u00dfere und kleinere Leuchtturm- und Stadtreparaturprojekte in der Altstadt\u00a0 erkl\u00e4rt, die anschliessend<\/p>\n<p class=\"link-more\"><a class=\"myButt \" href=\"https:\/\/www.hanshoorn.nl\/de\/stadtfuhrung\/\">Read More<\/a><\/p>\n","protected":false},"author":1,"featured_media":106,"parent":0,"menu_order":0,"comment_status":"closed","ping_status":"closed","template":"page.php","meta":{"footnotes":""},"class_list":["post-15","page","type-page","status-publish","has-post-thumbnail","hentry"],"_links":{"self":[{"href":"https:\/\/www.hanshoorn.nl\/de\/wp-json\/wp\/v2\/pages\/15","targetHints":{"allow":["GET"]}}],"collection":[{"href":"https:\/\/www.hanshoorn.nl\/de\/wp-json\/wp\/v2\/pages"}],"about":[{"href":"https:\/\/www.hanshoorn.nl\/de\/wp-json\/wp\/v2\/types\/page"}],"author":[{"embeddable":true,"href":"https:\/\/www.hanshoorn.nl\/de\/wp-json\/wp\/v2\/users\/1"}],"replies":[{"embeddable":true,"href":"https:\/\/www.hanshoorn.nl\/de\/wp-json\/wp\/v2\/comments?post=15"}],"version-history":[{"count":4,"href":"https:\/\/www.hanshoorn.nl\/de\/wp-json\/wp\/v2\/pages\/15\/revisions"}],"predecessor-version":[{"id":215,"href":"https:\/\/www.hanshoorn.nl\/de\/wp-json\/wp\/v2\/pages\/15\/revisions\/215"}],"wp:featuredmedia":[{"embeddable":true,"href":"https:\/\/www.hanshoorn.nl\/de\/wp-json\/wp\/v2\/media\/106"}],"wp:attachment":[{"href":"https:\/\/www.hanshoorn.nl\/de\/wp-json\/wp\/v2\/media?parent=15"}],"curies":[{"name":"wp","href":"https:\/\/api.w.org\/{rel}","templated":true}]}}