{"id":134,"date":"2016-07-15T04:45:26","date_gmt":"2016-07-15T02:45:26","guid":{"rendered":"https:\/\/www.hanshoorn.nl\/de\/?page_id=134"},"modified":"2023-09-15T18:47:26","modified_gmt":"2023-09-15T16:47:26","slug":"foto-galerie","status":"publish","type":"page","link":"https:\/\/www.hanshoorn.nl\/de\/foto-galerie\/","title":{"rendered":"FOTO-GALERIE"},"content":{"rendered":"\n<div class=\"wp-block-boldblocks-icon-separator\" style=\"--bb--margin-top--sm:var(--bb--margin-top--lg);--bb--margin-bottom--sm:var(--bb--margin-bottom--lg);--bb--margin-top--md:var(--bb--margin-top--lg);--bb--margin-bottom--md:var(--bb--margin-bottom--lg);--bb--margin-top--lg:20px;--bb--margin-bottom--lg:20px\" role=\"separator\"><div class=\"wp-block-boldblocks-icon-separator__inner icon-center is-align-center\" style=\"--bb-border:1px solid;--bb--icon-width:1em;--bb--icon-spacing:.5em;--bb--icon-fill-color:var(--wp--preset--color--vivid-red, #cf2e2e)\"><svg xmlns=\"http:\/\/www.w3.org\/2000\/svg\" viewBox=\"0 0 20 20\" class=\"bb-icon bb-icon--star-filled\">\n  <path d=\"m10 1 3 6 6 .75-4.12 4.62L16 19l-6-3-6 3 1.13-6.63L1 7.75 7 7z\"><\/path>\n<\/svg><\/div><\/div>\n\n\n\n<div class=\"wp-block-media-text alignwide has-media-on-the-right is-stacked-on-mobile\"><div class=\"wp-block-media-text__content\">\n<p class=\"has-small-font-size\">Bild 1 <sub> <\/sub><sup>(HH-001)<\/sup><\/p>\n\n\n\n<p>Die kompakte Innenstadt von Maastricht. Zwischen den&nbsp;beiden s\u00fcdlich&nbsp;gelegene Br\u00fccken das neue Stadtteil C\u00e9ramique<\/p>\n<\/div><figure class=\"wp-block-media-text__media\"><img loading=\"lazy\" decoding=\"async\" width=\"1024\" height=\"682\" src=\"https:\/\/www.hanshoorn.nl\/de\/wp-content\/uploads\/sites\/2\/2016\/07\/HH-001-1024x682.png\" alt=\"\" class=\"wp-image-104 size-full\" srcset=\"https:\/\/www.hanshoorn.nl\/de\/wp-content\/uploads\/sites\/2\/2016\/07\/HH-001-1024x682.png 1024w, https:\/\/www.hanshoorn.nl\/de\/wp-content\/uploads\/sites\/2\/2016\/07\/HH-001-300x200.png 300w, https:\/\/www.hanshoorn.nl\/de\/wp-content\/uploads\/sites\/2\/2016\/07\/HH-001-768x512.png 768w, https:\/\/www.hanshoorn.nl\/de\/wp-content\/uploads\/sites\/2\/2016\/07\/HH-001.png 1595w\" sizes=\"auto, (max-width: 1024px) 100vw, 1024px\" \/><\/figure><\/div>\n\n\n\n<div class=\"wp-block-boldblocks-icon-separator\" style=\"--bb--margin-top--sm:var(--bb--margin-top--lg);--bb--margin-bottom--sm:var(--bb--margin-bottom--lg);--bb--margin-top--md:var(--bb--margin-top--lg);--bb--margin-bottom--md:var(--bb--margin-bottom--lg);--bb--margin-top--lg:20px;--bb--margin-bottom--lg:20px\" role=\"separator\"><div class=\"wp-block-boldblocks-icon-separator__inner icon-center is-align-center\" style=\"--bb-border:1px solid;--bb--icon-width:1em;--bb--icon-spacing:.5em;--bb--icon-fill-color:var(--wp--preset--color--vivid-red, #cf2e2e)\"><svg xmlns=\"http:\/\/www.w3.org\/2000\/svg\" viewBox=\"0 0 20 20\" class=\"bb-icon bb-icon--star-filled\">\n  <path d=\"m10 1 3 6 6 .75-4.12 4.62L16 19l-6-3-6 3 1.13-6.63L1 7.75 7 7z\"><\/path>\n<\/svg><\/div><\/div>\n\n\n\n<div class=\"wp-block-media-text alignwide is-stacked-on-mobile\"><figure class=\"wp-block-media-text__media\"><img loading=\"lazy\" decoding=\"async\" width=\"1024\" height=\"703\" src=\"https:\/\/www.hanshoorn.nl\/de\/wp-content\/uploads\/sites\/2\/2016\/07\/HH-002-1024x703.png\" alt=\"\" class=\"wp-image-105 size-full\" srcset=\"https:\/\/www.hanshoorn.nl\/de\/wp-content\/uploads\/sites\/2\/2016\/07\/HH-002-1024x703.png 1024w, https:\/\/www.hanshoorn.nl\/de\/wp-content\/uploads\/sites\/2\/2016\/07\/HH-002-300x206.png 300w, https:\/\/www.hanshoorn.nl\/de\/wp-content\/uploads\/sites\/2\/2016\/07\/HH-002-768x527.png 768w, https:\/\/www.hanshoorn.nl\/de\/wp-content\/uploads\/sites\/2\/2016\/07\/HH-002.png 1042w\" sizes=\"auto, (max-width: 1024px) 100vw, 1024px\" \/><\/figure><div class=\"wp-block-media-text__content\">\n<p class=\"has-small-font-size\">Bild 2 <sub> <\/sub><sup>(HH-002)<\/sup><\/p>\n\n\n\n<p>Jede Stadt sollte seine eigene Identit\u00e4t (DNA) kennen<\/p>\n<\/div><\/div>\n\n\n\n<div class=\"wp-block-boldblocks-icon-separator\" style=\"--bb--margin-top--sm:var(--bb--margin-top--lg);--bb--margin-bottom--sm:var(--bb--margin-bottom--lg);--bb--margin-top--md:var(--bb--margin-top--lg);--bb--margin-bottom--md:var(--bb--margin-bottom--lg);--bb--margin-top--lg:20px;--bb--margin-bottom--lg:20px\" role=\"separator\"><div class=\"wp-block-boldblocks-icon-separator__inner icon-center is-align-center\" style=\"--bb-border:1px solid;--bb--icon-width:1em;--bb--icon-spacing:.5em;--bb--icon-fill-color:var(--wp--preset--color--vivid-red, #cf2e2e)\"><svg xmlns=\"http:\/\/www.w3.org\/2000\/svg\" viewBox=\"0 0 20 20\" class=\"bb-icon bb-icon--star-filled\">\n  <path d=\"m10 1 3 6 6 .75-4.12 4.62L16 19l-6-3-6 3 1.13-6.63L1 7.75 7 7z\"><\/path>\n<\/svg><\/div><\/div>\n\n\n\n<div class=\"wp-block-media-text alignwide has-media-on-the-right is-stacked-on-mobile\"><div class=\"wp-block-media-text__content\">\n<p class=\"has-small-font-size\">Bild 3 <sub> <\/sub><sup>(HH-004)<\/sup><\/p>\n\n\n\n<p>Das ehemalige Industriegebiet Sphinx C\u00e9ramique hat sich in ein attraktives Viertel verwandelt<\/p>\n<\/div><figure class=\"wp-block-media-text__media\"><img loading=\"lazy\" decoding=\"async\" width=\"882\" height=\"637\" src=\"https:\/\/www.hanshoorn.nl\/de\/wp-content\/uploads\/sites\/2\/2016\/07\/HH-004.png\" alt=\"\" class=\"wp-image-107 size-full\" srcset=\"https:\/\/www.hanshoorn.nl\/de\/wp-content\/uploads\/sites\/2\/2016\/07\/HH-004.png 882w, https:\/\/www.hanshoorn.nl\/de\/wp-content\/uploads\/sites\/2\/2016\/07\/HH-004-300x217.png 300w, https:\/\/www.hanshoorn.nl\/de\/wp-content\/uploads\/sites\/2\/2016\/07\/HH-004-768x555.png 768w\" sizes=\"auto, (max-width: 882px) 100vw, 882px\" \/><\/figure><\/div>\n\n\n\n<div class=\"wp-block-boldblocks-icon-separator\" style=\"--bb--margin-top--sm:var(--bb--margin-top--lg);--bb--margin-bottom--sm:var(--bb--margin-bottom--lg);--bb--margin-top--md:var(--bb--margin-top--lg);--bb--margin-bottom--md:var(--bb--margin-bottom--lg);--bb--margin-top--lg:20px;--bb--margin-bottom--lg:20px\" role=\"separator\"><div class=\"wp-block-boldblocks-icon-separator__inner icon-center is-align-center\" style=\"--bb-border:1px solid;--bb--icon-width:1em;--bb--icon-spacing:.5em;--bb--icon-fill-color:var(--wp--preset--color--vivid-red, #cf2e2e)\"><svg xmlns=\"http:\/\/www.w3.org\/2000\/svg\" viewBox=\"0 0 20 20\" class=\"bb-icon bb-icon--star-filled\">\n  <path d=\"m10 1 3 6 6 .75-4.12 4.62L16 19l-6-3-6 3 1.13-6.63L1 7.75 7 7z\"><\/path>\n<\/svg><\/div><\/div>\n\n\n\n<div class=\"wp-block-media-text is-stacked-on-mobile\"><figure class=\"wp-block-media-text__media\"><img loading=\"lazy\" decoding=\"async\" width=\"883\" height=\"637\" src=\"https:\/\/www.hanshoorn.nl\/de\/wp-content\/uploads\/sites\/2\/2016\/07\/HH-005.png\" alt=\"\" class=\"wp-image-108 size-full\" srcset=\"https:\/\/www.hanshoorn.nl\/de\/wp-content\/uploads\/sites\/2\/2016\/07\/HH-005.png 883w, https:\/\/www.hanshoorn.nl\/de\/wp-content\/uploads\/sites\/2\/2016\/07\/HH-005-300x216.png 300w, https:\/\/www.hanshoorn.nl\/de\/wp-content\/uploads\/sites\/2\/2016\/07\/HH-005-768x554.png 768w\" sizes=\"auto, (max-width: 883px) 100vw, 883px\" \/><\/figure><div class=\"wp-block-media-text__content\">\n<p class=\"has-small-font-size\">Bild 4 <sub> <\/sub><sup>(HH-005)<\/sup><\/p>\n\n\n\n<p>Das \u201cneue\u201d C\u00e9ramiquegebiet (realisiert 1990-2005)<\/p>\n<\/div><\/div>\n\n\n\n<div class=\"wp-block-boldblocks-icon-separator\" style=\"--bb--margin-top--sm:var(--bb--margin-top--lg);--bb--margin-bottom--sm:var(--bb--margin-bottom--lg);--bb--margin-top--md:var(--bb--margin-top--lg);--bb--margin-bottom--md:var(--bb--margin-bottom--lg);--bb--margin-top--lg:20px;--bb--margin-bottom--lg:20px\" role=\"separator\"><div class=\"wp-block-boldblocks-icon-separator__inner icon-center is-align-center\" style=\"--bb-border:1px solid;--bb--icon-width:1em;--bb--icon-spacing:.5em;--bb--icon-fill-color:var(--wp--preset--color--vivid-red, #cf2e2e)\"><svg xmlns=\"http:\/\/www.w3.org\/2000\/svg\" viewBox=\"0 0 20 20\" class=\"bb-icon bb-icon--star-filled\">\n  <path d=\"m10 1 3 6 6 .75-4.12 4.62L16 19l-6-3-6 3 1.13-6.63L1 7.75 7 7z\"><\/path>\n<\/svg><\/div><\/div>\n\n\n\n<div class=\"wp-block-media-text has-media-on-the-right is-stacked-on-mobile\"><div class=\"wp-block-media-text__content\">\n<p class=\"has-small-font-size\">Bild 5 <sub> <\/sub><sup>(HH-006)<\/sup><\/p>\n\n\n\n<p>Renommierte Architekten haben das Areal neu gestaltet<\/p>\n<\/div><figure class=\"wp-block-media-text__media\"><img loading=\"lazy\" decoding=\"async\" width=\"768\" height=\"554\" src=\"https:\/\/www.hanshoorn.nl\/de\/wp-content\/uploads\/sites\/2\/2023\/09\/HH-006-768x554-1.png\" alt=\"\" class=\"wp-image-240 size-full\" srcset=\"https:\/\/www.hanshoorn.nl\/de\/wp-content\/uploads\/sites\/2\/2023\/09\/HH-006-768x554-1.png 768w, https:\/\/www.hanshoorn.nl\/de\/wp-content\/uploads\/sites\/2\/2023\/09\/HH-006-768x554-1-300x216.png 300w\" sizes=\"auto, (max-width: 768px) 100vw, 768px\" \/><\/figure><\/div>\n\n\n\n<div class=\"wp-block-boldblocks-icon-separator\" style=\"--bb--margin-top--sm:var(--bb--margin-top--lg);--bb--margin-bottom--sm:var(--bb--margin-bottom--lg);--bb--margin-top--md:var(--bb--margin-top--lg);--bb--margin-bottom--md:var(--bb--margin-bottom--lg);--bb--margin-top--lg:20px;--bb--margin-bottom--lg:20px\" role=\"separator\"><div class=\"wp-block-boldblocks-icon-separator__inner icon-center is-align-center\" style=\"--bb-border:1px solid;--bb--icon-width:1em;--bb--icon-spacing:.5em;--bb--icon-fill-color:var(--wp--preset--color--vivid-red, #cf2e2e)\"><svg xmlns=\"http:\/\/www.w3.org\/2000\/svg\" viewBox=\"0 0 20 20\" class=\"bb-icon bb-icon--star-filled\">\n  <path d=\"m10 1 3 6 6 .75-4.12 4.62L16 19l-6-3-6 3 1.13-6.63L1 7.75 7 7z\"><\/path>\n<\/svg><\/div><\/div>\n\n\n\n<div class=\"wp-block-media-text is-stacked-on-mobile\"><figure class=\"wp-block-media-text__media\"><img loading=\"lazy\" decoding=\"async\" width=\"1024\" height=\"576\" src=\"https:\/\/www.hanshoorn.nl\/de\/wp-content\/uploads\/sites\/2\/2016\/07\/HH-003-1024x576.png\" alt=\"\" class=\"wp-image-106 size-full\" srcset=\"https:\/\/www.hanshoorn.nl\/de\/wp-content\/uploads\/sites\/2\/2016\/07\/HH-003-1024x576.png 1024w, https:\/\/www.hanshoorn.nl\/de\/wp-content\/uploads\/sites\/2\/2016\/07\/HH-003-300x169.png 300w, https:\/\/www.hanshoorn.nl\/de\/wp-content\/uploads\/sites\/2\/2016\/07\/HH-003-768x432.png 768w, https:\/\/www.hanshoorn.nl\/de\/wp-content\/uploads\/sites\/2\/2016\/07\/HH-003.png 1536w\" sizes=\"auto, (max-width: 1024px) 100vw, 1024px\" \/><\/figure><div class=\"wp-block-media-text__content\">\n<p class=\"has-small-font-size\">Bild 6 <sub> <\/sub><sup>(HH-003)<\/sup><\/p>\n\n\n\n<p>Eine anmutige Bogenbr\u00fccke (nur f\u00fcr Fu\u00dfg\u00e4nger und Fahrr\u00e4der!) verbindet das neue Stadtteil mit der historische Innenstadt Ein Beispiel von gelungener Stadtreparatur: eine st\u00e4dtebauliche und architektonische Baus\u00fcnde ist abgebrochen und wurde durch eine viel angemessenere Interpretation\u00a0 ersetzt.<\/p>\n<\/div><\/div>\n\n\n\n<div class=\"wp-block-boldblocks-icon-separator\" style=\"--bb--margin-top--sm:var(--bb--margin-top--lg);--bb--margin-bottom--sm:var(--bb--margin-bottom--lg);--bb--margin-top--md:var(--bb--margin-top--lg);--bb--margin-bottom--md:var(--bb--margin-bottom--lg);--bb--margin-top--lg:20px;--bb--margin-bottom--lg:20px\" role=\"separator\"><div class=\"wp-block-boldblocks-icon-separator__inner icon-center is-align-center\" style=\"--bb-border:1px solid;--bb--icon-width:1em;--bb--icon-spacing:.5em;--bb--icon-fill-color:var(--wp--preset--color--vivid-red, #cf2e2e)\"><svg xmlns=\"http:\/\/www.w3.org\/2000\/svg\" viewBox=\"0 0 20 20\" class=\"bb-icon bb-icon--star-filled\">\n  <path d=\"m10 1 3 6 6 .75-4.12 4.62L16 19l-6-3-6 3 1.13-6.63L1 7.75 7 7z\"><\/path>\n<\/svg><\/div><\/div>\n\n\n\n<div class=\"wp-block-media-text has-media-on-the-right is-stacked-on-mobile\"><div class=\"wp-block-media-text__content\">\n<p class=\"has-small-font-size\">Bild 7 <sub> <\/sub><sup>(HH-007)<\/sup><\/p>\n\n\n\n<p>Was zu wenig passiert: Abbruch von Bildst\u00f6rende Bebauung<\/p>\n<\/div><figure class=\"wp-block-media-text__media\"><img loading=\"lazy\" decoding=\"async\" width=\"881\" height=\"636\" src=\"https:\/\/www.hanshoorn.nl\/de\/wp-content\/uploads\/sites\/2\/2016\/07\/HH-007.png\" alt=\"\" class=\"wp-image-110 size-full\" srcset=\"https:\/\/www.hanshoorn.nl\/de\/wp-content\/uploads\/sites\/2\/2016\/07\/HH-007.png 881w, https:\/\/www.hanshoorn.nl\/de\/wp-content\/uploads\/sites\/2\/2016\/07\/HH-007-300x217.png 300w, https:\/\/www.hanshoorn.nl\/de\/wp-content\/uploads\/sites\/2\/2016\/07\/HH-007-768x554.png 768w\" sizes=\"auto, (max-width: 881px) 100vw, 881px\" \/><\/figure><\/div>\n\n\n\n<div class=\"wp-block-boldblocks-icon-separator\" style=\"--bb--margin-top--sm:var(--bb--margin-top--lg);--bb--margin-bottom--sm:var(--bb--margin-bottom--lg);--bb--margin-top--md:var(--bb--margin-top--lg);--bb--margin-bottom--md:var(--bb--margin-bottom--lg);--bb--margin-top--lg:20px;--bb--margin-bottom--lg:20px\" role=\"separator\"><div class=\"wp-block-boldblocks-icon-separator__inner icon-center is-align-center\" style=\"--bb-border:1px solid;--bb--icon-width:1em;--bb--icon-spacing:.5em;--bb--icon-fill-color:var(--wp--preset--color--vivid-red, #cf2e2e)\"><svg xmlns=\"http:\/\/www.w3.org\/2000\/svg\" viewBox=\"0 0 20 20\" class=\"bb-icon bb-icon--star-filled\">\n  <path d=\"m10 1 3 6 6 .75-4.12 4.62L16 19l-6-3-6 3 1.13-6.63L1 7.75 7 7z\"><\/path>\n<\/svg><\/div><\/div>\n\n\n\n<div class=\"wp-block-media-text is-stacked-on-mobile\"><figure class=\"wp-block-media-text__media\"><img loading=\"lazy\" decoding=\"async\" width=\"863\" height=\"637\" src=\"https:\/\/www.hanshoorn.nl\/de\/wp-content\/uploads\/sites\/2\/2016\/07\/HH-008.png\" alt=\"\" class=\"wp-image-111 size-full\" srcset=\"https:\/\/www.hanshoorn.nl\/de\/wp-content\/uploads\/sites\/2\/2016\/07\/HH-008.png 863w, https:\/\/www.hanshoorn.nl\/de\/wp-content\/uploads\/sites\/2\/2016\/07\/HH-008-300x221.png 300w, https:\/\/www.hanshoorn.nl\/de\/wp-content\/uploads\/sites\/2\/2016\/07\/HH-008-768x567.png 768w\" sizes=\"auto, (max-width: 863px) 100vw, 863px\" \/><\/figure><div class=\"wp-block-media-text__content\">\n<p class=\"has-small-font-size\">Bild 8 <sub> <\/sub><sup>(HH-008)<\/sup><\/p>\n\n\n\n<p>Was zu wenig passiert: Abbruch von Bildst\u00f6rende Bebauung<\/p>\n<\/div><\/div>\n\n\n\n<div class=\"wp-block-boldblocks-icon-separator\" style=\"--bb--margin-top--sm:var(--bb--margin-top--lg);--bb--margin-bottom--sm:var(--bb--margin-bottom--lg);--bb--margin-top--md:var(--bb--margin-top--lg);--bb--margin-bottom--md:var(--bb--margin-bottom--lg);--bb--margin-top--lg:20px;--bb--margin-bottom--lg:20px\" role=\"separator\"><div class=\"wp-block-boldblocks-icon-separator__inner icon-center is-align-center\" style=\"--bb-border:1px solid;--bb--icon-width:1em;--bb--icon-spacing:.5em;--bb--icon-fill-color:var(--wp--preset--color--vivid-red, #cf2e2e)\"><svg xmlns=\"http:\/\/www.w3.org\/2000\/svg\" viewBox=\"0 0 20 20\" class=\"bb-icon bb-icon--star-filled\">\n  <path d=\"m10 1 3 6 6 .75-4.12 4.62L16 19l-6-3-6 3 1.13-6.63L1 7.75 7 7z\"><\/path>\n<\/svg><\/div><\/div>\n\n\n\n<div class=\"wp-block-media-text has-media-on-the-right is-stacked-on-mobile\"><div class=\"wp-block-media-text__content\">\n<p class=\"has-small-font-size\">Bild 9 <sub> <\/sub><sup>(HH-009)<\/sup><\/p>\n\n\n\n<p>Neue L\u00e4den und Wohnungen\u00a0 besser passend in das feinmaschiges Gewebe der historische Innenstadt on Maastricht<\/p>\n<\/div><figure class=\"wp-block-media-text__media\"><img loading=\"lazy\" decoding=\"async\" width=\"883\" height=\"636\" src=\"https:\/\/www.hanshoorn.nl\/de\/wp-content\/uploads\/sites\/2\/2016\/07\/HH-009.png\" alt=\"\" class=\"wp-image-112 size-full\" srcset=\"https:\/\/www.hanshoorn.nl\/de\/wp-content\/uploads\/sites\/2\/2016\/07\/HH-009.png 883w, https:\/\/www.hanshoorn.nl\/de\/wp-content\/uploads\/sites\/2\/2016\/07\/HH-009-300x216.png 300w, https:\/\/www.hanshoorn.nl\/de\/wp-content\/uploads\/sites\/2\/2016\/07\/HH-009-768x553.png 768w\" sizes=\"auto, (max-width: 883px) 100vw, 883px\" \/><\/figure><\/div>\n\n\n\n<div class=\"wp-block-boldblocks-icon-separator\" style=\"--bb--margin-top--sm:var(--bb--margin-top--lg);--bb--margin-bottom--sm:var(--bb--margin-bottom--lg);--bb--margin-top--md:var(--bb--margin-top--lg);--bb--margin-bottom--md:var(--bb--margin-bottom--lg);--bb--margin-top--lg:20px;--bb--margin-bottom--lg:20px\" role=\"separator\"><div class=\"wp-block-boldblocks-icon-separator__inner icon-center is-align-center\" style=\"--bb-border:1px solid;--bb--icon-width:1em;--bb--icon-spacing:.5em;--bb--icon-fill-color:var(--wp--preset--color--vivid-red, #cf2e2e)\"><svg xmlns=\"http:\/\/www.w3.org\/2000\/svg\" viewBox=\"0 0 20 20\" class=\"bb-icon bb-icon--star-filled\">\n  <path d=\"m10 1 3 6 6 .75-4.12 4.62L16 19l-6-3-6 3 1.13-6.63L1 7.75 7 7z\"><\/path>\n<\/svg><\/div><\/div>\n\n\n\n<div class=\"wp-block-media-text is-stacked-on-mobile\"><figure class=\"wp-block-media-text__media\"><img loading=\"lazy\" decoding=\"async\" width=\"882\" height=\"638\" src=\"https:\/\/www.hanshoorn.nl\/de\/wp-content\/uploads\/sites\/2\/2016\/07\/HH-010.png\" alt=\"\" class=\"wp-image-113 size-full\" srcset=\"https:\/\/www.hanshoorn.nl\/de\/wp-content\/uploads\/sites\/2\/2016\/07\/HH-010.png 882w, https:\/\/www.hanshoorn.nl\/de\/wp-content\/uploads\/sites\/2\/2016\/07\/HH-010-300x217.png 300w, https:\/\/www.hanshoorn.nl\/de\/wp-content\/uploads\/sites\/2\/2016\/07\/HH-010-768x556.png 768w\" sizes=\"auto, (max-width: 882px) 100vw, 882px\" \/><\/figure><div class=\"wp-block-media-text__content\">\n<p class=\"has-small-font-size\">Bild 10 <sub> <\/sub><sup>(HH-010)<\/sup><\/p>\n\n\n\n<p>Eine w\u00e4hrend viele Jahre leerstehende Kirche\u00a0 hat als gesch\u00e4ftliche Buchhandlung eine neue Bestimmung erhalten.<\/p>\n<\/div><\/div>\n\n\n\n<div class=\"wp-block-boldblocks-icon-separator\" style=\"--bb--margin-top--sm:var(--bb--margin-top--lg);--bb--margin-bottom--sm:var(--bb--margin-bottom--lg);--bb--margin-top--md:var(--bb--margin-top--lg);--bb--margin-bottom--md:var(--bb--margin-bottom--lg);--bb--margin-top--lg:20px;--bb--margin-bottom--lg:20px\" role=\"separator\"><div class=\"wp-block-boldblocks-icon-separator__inner icon-center is-align-center\" style=\"--bb-border:1px solid;--bb--icon-width:1em;--bb--icon-spacing:.5em;--bb--icon-fill-color:var(--wp--preset--color--vivid-red, #cf2e2e)\"><svg xmlns=\"http:\/\/www.w3.org\/2000\/svg\" viewBox=\"0 0 20 20\" class=\"bb-icon bb-icon--star-filled\">\n  <path d=\"m10 1 3 6 6 .75-4.12 4.62L16 19l-6-3-6 3 1.13-6.63L1 7.75 7 7z\"><\/path>\n<\/svg><\/div><\/div>\n","protected":false},"excerpt":{"rendered":"<p>Bild 1 (HH-001) Die kompakte Innenstadt von Maastricht. Zwischen den&nbsp;beiden s\u00fcdlich&nbsp;gelegene Br\u00fccken das neue Stadtteil C\u00e9ramique Bild 2 (HH-002) Jede Stadt sollte<\/p>\n<p class=\"link-more\"><a class=\"myButt \" href=\"https:\/\/www.hanshoorn.nl\/de\/foto-galerie\/\">Read More<\/a><\/p>\n","protected":false},"author":1,"featured_media":0,"parent":0,"menu_order":0,"comment_status":"closed","ping_status":"closed","template":"gallery.php","meta":{"footnotes":""},"class_list":["post-134","page","type-page","status-publish","hentry"],"_links":{"self":[{"href":"https:\/\/www.hanshoorn.nl\/de\/wp-json\/wp\/v2\/pages\/134","targetHints":{"allow":["GET"]}}],"collection":[{"href":"https:\/\/www.hanshoorn.nl\/de\/wp-json\/wp\/v2\/pages"}],"about":[{"href":"https:\/\/www.hanshoorn.nl\/de\/wp-json\/wp\/v2\/types\/page"}],"author":[{"embeddable":true,"href":"https:\/\/www.hanshoorn.nl\/de\/wp-json\/wp\/v2\/users\/1"}],"replies":[{"embeddable":true,"href":"https:\/\/www.hanshoorn.nl\/de\/wp-json\/wp\/v2\/comments?post=134"}],"version-history":[{"count":9,"href":"https:\/\/www.hanshoorn.nl\/de\/wp-json\/wp\/v2\/pages\/134\/revisions"}],"predecessor-version":[{"id":241,"href":"https:\/\/www.hanshoorn.nl\/de\/wp-json\/wp\/v2\/pages\/134\/revisions\/241"}],"wp:attachment":[{"href":"https:\/\/www.hanshoorn.nl\/de\/wp-json\/wp\/v2\/media?parent=134"}],"curies":[{"name":"wp","href":"https:\/\/api.w.org\/{rel}","templated":true}]}}