{"id":13,"date":"2016-07-10T23:28:20","date_gmt":"2016-07-10T21:28:20","guid":{"rendered":"https:\/\/www.hanshoorn.nl\/de\/?page_id=13"},"modified":"2023-05-21T19:50:17","modified_gmt":"2023-05-21T17:50:17","slug":"beratung","status":"publish","type":"page","link":"https:\/\/www.hanshoorn.nl\/de\/beratung\/","title":{"rendered":"BERATUNGEN"},"content":{"rendered":"<p>\u00a0<\/p>\n<p style=\"padding-left: 40px;\">Auf Grund seiner Erfahrungen mit Stadtplanung und Stadtreparatur kann Drs. H. Hoorn Ihre Stadt auch beraten: welche Empfehlungen m\u00fcssen unbedingt konkretisiert werden um eine attraktive Stadt zu werden? Nach einer von Ihnen begleitete Stadtf\u00fchrung kann er in seiner Vorlesung genau die Starken und Schw\u00e4chen Ihrer Stadt beschreiben und empfehlen welche L\u00f6sungen unbedingt notwendig sind!<\/p>\n<p>\u00a0<\/p>\n<p style=\"padding-left: 40px;\"><span style=\"color: #000000;\"><strong>WIE K\u00d6NNEN ST\u00c4DTE ATTRAKTIV WERDEN?<\/strong><\/span><\/p>\n<p style=\"padding-left: 40px;\"><em>Zauberformel<\/em><\/p>\n<p style=\"padding-left: 40px;\">W\u00e4hrend der Bev\u00f6lkerung in Europa immer weniger, bunter und \u00e4lter wird, stehen St\u00e4dte in einem harten Konkurrenzkampf um die besten zu werden\u2026., weil die Besten ziehen in diesem Wettbewerb Menschen, Arbeitspl\u00e4tze und Investitionen an. Um die Frage: \u201c was macht St\u00e4dte attraktiv? \u201c beantworten zu k\u00f6nnen, braucht man Kenntnis von der Zauberformel. In dieser Formel, die aus 25 Zutaten\u00a0besteht, steht r\u00e4umliche Qualit\u00e4t \u2013als Tiefeninvestitionen die Lebensqualit\u00e4ten einer Stadt-zentral. Wenn man diese Formel nicht kennt oder konkret macht, kann eine Stadt NIE zu Gewinner geh\u00f6ren!<\/p>\n<p>\u00a0<\/p>\n<p>\u00a0<\/p>\n\n<div class=\"wp-block-image\">\n<figure class=\"aligncenter size-full\"><img loading=\"lazy\" decoding=\"async\" width=\"883\" height=\"636\" src=\"https:\/\/www.hanshoorn.nl\/de\/wp-content\/uploads\/sites\/2\/2016\/07\/HH-009.png\" alt=\"\" class=\"wp-image-112\" srcset=\"https:\/\/www.hanshoorn.nl\/de\/wp-content\/uploads\/sites\/2\/2016\/07\/HH-009.png 883w, https:\/\/www.hanshoorn.nl\/de\/wp-content\/uploads\/sites\/2\/2016\/07\/HH-009-300x216.png 300w, https:\/\/www.hanshoorn.nl\/de\/wp-content\/uploads\/sites\/2\/2016\/07\/HH-009-768x553.png 768w\" sizes=\"auto, (max-width: 883px) 100vw, 883px\" \/><\/figure>\n<\/div>","protected":false},"excerpt":{"rendered":"<p>\u00a0 Auf Grund seiner Erfahrungen mit Stadtplanung und Stadtreparatur kann Drs. H. Hoorn Ihre Stadt auch beraten: welche Empfehlungen m\u00fcssen unbedingt konkretisiert<\/p>\n<p class=\"link-more\"><a class=\"myButt \" href=\"https:\/\/www.hanshoorn.nl\/de\/beratung\/\">Read More<\/a><\/p>\n","protected":false},"author":1,"featured_media":112,"parent":0,"menu_order":0,"comment_status":"closed","ping_status":"closed","template":"page.php","meta":{"footnotes":""},"class_list":["post-13","page","type-page","status-publish","has-post-thumbnail","hentry"],"_links":{"self":[{"href":"https:\/\/www.hanshoorn.nl\/de\/wp-json\/wp\/v2\/pages\/13","targetHints":{"allow":["GET"]}}],"collection":[{"href":"https:\/\/www.hanshoorn.nl\/de\/wp-json\/wp\/v2\/pages"}],"about":[{"href":"https:\/\/www.hanshoorn.nl\/de\/wp-json\/wp\/v2\/types\/page"}],"author":[{"embeddable":true,"href":"https:\/\/www.hanshoorn.nl\/de\/wp-json\/wp\/v2\/users\/1"}],"replies":[{"embeddable":true,"href":"https:\/\/www.hanshoorn.nl\/de\/wp-json\/wp\/v2\/comments?post=13"}],"version-history":[{"count":4,"href":"https:\/\/www.hanshoorn.nl\/de\/wp-json\/wp\/v2\/pages\/13\/revisions"}],"predecessor-version":[{"id":217,"href":"https:\/\/www.hanshoorn.nl\/de\/wp-json\/wp\/v2\/pages\/13\/revisions\/217"}],"wp:featuredmedia":[{"embeddable":true,"href":"https:\/\/www.hanshoorn.nl\/de\/wp-json\/wp\/v2\/media\/112"}],"wp:attachment":[{"href":"https:\/\/www.hanshoorn.nl\/de\/wp-json\/wp\/v2\/media?parent=13"}],"curies":[{"name":"wp","href":"https:\/\/api.w.org\/{rel}","templated":true}]}}